{"id":89,"date":"2025-06-30T12:16:43","date_gmt":"2025-06-30T15:16:43","guid":{"rendered":"https:\/\/santari.com.br\/?page_id=89"},"modified":"2025-06-30T12:17:29","modified_gmt":"2025-06-30T15:17:29","slug":"offline","status":"publish","type":"page","link":"https:\/\/santari.com.br\/index.php\/offline\/","title":{"rendered":"Off Line"},"content":{"rendered":"\t\t<div data-elementor-type=\"wp-page\" data-elementor-id=\"89\" class=\"elementor elementor-89\">\n\t\t\t\t<div class=\"elementor-element elementor-element-8e7375b e-flex e-con-boxed e-con e-parent\" data-id=\"8e7375b\" data-element_type=\"container\" data-e-type=\"container\">\n\t\t\t\t\t<div class=\"e-con-inner\">\n\t\t\t\t<div class=\"elementor-element elementor-element-21fa131 elementor-widget elementor-widget-text-editor\" data-id=\"21fa131\" data-element_type=\"widget\" data-e-type=\"widget\" data-widget_type=\"text-editor.default\">\n\t\t\t\t<div class=\"elementor-widget-container\">\n\t\t\t\t\t\t\t\t\t<p data-start=\"324\" data-end=\"364\">Sua marca presente tamb\u00e9m no mundo real.<\/p><p data-start=\"366\" data-end=\"645\">Oferecemos solu\u00e7\u00f5es completas em <strong data-start=\"425\" data-end=\"468\">comunica\u00e7\u00e3o visual e materiais gr\u00e1ficos<\/strong>, com qualidade profissional, prazos \u00e1geis e foco total na identidade da sua marca. Atuamos do projeto \u00e0 entrega final, garantindo um resultado que se destaca em qualquer lugar.<\/p><hr data-start=\"647\" data-end=\"650\" \/><h3 data-start=\"652\" data-end=\"678\">\ud83d\udda8\ufe0f Materiais Gr\u00e1ficos<\/h3><p data-start=\"680\" data-end=\"728\">Comunica\u00e7\u00e3o de impacto em cada detalhe impresso:<\/p><ul data-start=\"730\" data-end=\"858\"><li data-start=\"730\" data-end=\"753\"><p data-start=\"732\" data-end=\"753\"><strong data-start=\"732\" data-end=\"753\">Cart\u00f5es de visita<\/strong><\/p><\/li><li data-start=\"754\" data-end=\"777\"><p data-start=\"756\" data-end=\"777\"><strong data-start=\"756\" data-end=\"777\">Folhetos e flyers<\/strong><\/p><\/li><li data-start=\"778\" data-end=\"803\"><p data-start=\"780\" data-end=\"803\"><strong data-start=\"780\" data-end=\"803\">Folders e cat\u00e1logos<\/strong><\/p><\/li><li data-start=\"804\" data-end=\"828\"><p data-start=\"806\" data-end=\"828\"><strong data-start=\"806\" data-end=\"828\">Revistas e jornais<\/strong><\/p><\/li><li data-start=\"829\" data-end=\"858\"><p data-start=\"831\" data-end=\"858\"><strong data-start=\"831\" data-end=\"858\">Convites e certificados<\/strong><\/p><\/li><\/ul><p data-start=\"860\" data-end=\"950\">Todos os materiais s\u00e3o desenvolvidos com design estrat\u00e9gico e impress\u00e3o de alta qualidade.<\/p><hr data-start=\"952\" data-end=\"955\" \/><h3 data-start=\"957\" data-end=\"982\">\ud83d\udce2 Comunica\u00e7\u00e3o Visual<\/h3><p data-start=\"984\" data-end=\"1095\">Fortale\u00e7a a presen\u00e7a da sua marca nos ambientes f\u00edsicos com pe\u00e7as que chamam a aten\u00e7\u00e3o e valorizam seu neg\u00f3cio:<\/p><ul data-start=\"1097\" data-end=\"1262\"><li data-start=\"1097\" data-end=\"1119\"><p data-start=\"1099\" data-end=\"1119\"><strong data-start=\"1099\" data-end=\"1119\">Banners e faixas<\/strong><\/p><\/li><li data-start=\"1120\" data-end=\"1149\"><p data-start=\"1122\" data-end=\"1149\"><strong data-start=\"1122\" data-end=\"1149\">Adesivos personalizados<\/strong><\/p><\/li><li data-start=\"1150\" data-end=\"1184\"><p data-start=\"1152\" data-end=\"1184\"><strong data-start=\"1152\" data-end=\"1184\">Fachadas e placas comerciais<\/strong><\/p><\/li><li data-start=\"1185\" data-end=\"1222\"><p data-start=\"1187\" data-end=\"1222\"><strong data-start=\"1187\" data-end=\"1222\">Outdoor, frontlight e backlight<\/strong><\/p><\/li><li data-start=\"1223\" data-end=\"1262\"><p data-start=\"1225\" data-end=\"1262\"><strong data-start=\"1225\" data-end=\"1262\">Backdrop para eventos e palestras<\/strong><\/p><\/li><\/ul><p data-start=\"1264\" data-end=\"1369\">Criamos, personalizamos e entregamos tudo com excel\u00eancia, seja para uso interno ou para campanhas de rua.<\/p><hr data-start=\"1371\" data-end=\"1374\" \/><h3 data-start=\"1376\" data-end=\"1405\">\ud83c\udf81 Brindes Personalizados<\/h3><p data-start=\"1407\" data-end=\"1500\">Transforme clientes e parceiros em promotores da sua marca com brindes que fazem a diferen\u00e7a:<\/p><ul data-start=\"1502\" data-end=\"1592\"><li data-start=\"1502\" data-end=\"1531\"><p data-start=\"1504\" data-end=\"1531\">Canecas, squeeze, camisetas<\/p><\/li><li data-start=\"1532\" data-end=\"1560\"><p data-start=\"1534\" data-end=\"1560\">Chaveiros, blocos, canetas<\/p><\/li><li data-start=\"1561\" data-end=\"1592\"><p data-start=\"1563\" data-end=\"1592\">Sacolas, ecobags e muito mais<\/p><\/li><\/ul><p data-start=\"1594\" data-end=\"1673\">Perfeitos para eventos, lan\u00e7amentos, a\u00e7\u00f5es promocionais ou datas comemorativas.<\/p><hr data-start=\"1675\" data-end=\"1678\" \/><h3 data-start=\"1680\" data-end=\"1730\">\ud83d\udcfb M\u00eddia Tradicional e Ve\u00edculos de Comunica\u00e7\u00e3o<\/h3><p data-start=\"1732\" data-end=\"1769\">Sua marca tamb\u00e9m nas m\u00eddias de massa!<\/p><p data-start=\"1771\" data-end=\"1810\">Planejamos e produzimos conte\u00fados para:<\/p><ul data-start=\"1812\" data-end=\"1957\"><li data-start=\"1812\" data-end=\"1843\"><p data-start=\"1814\" data-end=\"1843\"><strong data-start=\"1814\" data-end=\"1843\">Jornais e revistas locais<\/strong><\/p><\/li><li data-start=\"1844\" data-end=\"1878\"><p data-start=\"1846\" data-end=\"1878\"><strong data-start=\"1846\" data-end=\"1878\">R\u00e1dios e programas regionais<\/strong><\/p><\/li><li data-start=\"1879\" data-end=\"1928\"><p data-start=\"1881\" data-end=\"1928\"><strong data-start=\"1881\" data-end=\"1928\">Parcerias com ve\u00edculos impressos e digitais<\/strong><\/p><\/li><li data-start=\"1929\" data-end=\"1957\"><p data-start=\"1931\" data-end=\"1957\"><strong data-start=\"1931\" data-end=\"1957\">M\u00eddia indoor e outdoor<\/strong><\/p><\/li><\/ul><p data-start=\"1959\" data-end=\"2008\">Cuidamos de tudo: do layout ao envio do material.<\/p>\t\t\t\t\t\t\t\t<\/div>\n\t\t\t\t<\/div>\n\t\t\t\t\t<\/div>\n\t\t\t\t<\/div>\n\t\t\t\t<\/div>\n\t\t","protected":false},"excerpt":{"rendered":"<p>Sua marca presente tamb\u00e9m no mundo real. Oferecemos solu\u00e7\u00f5es completas em comunica\u00e7\u00e3o visual e materiais gr\u00e1ficos, com qualidade profissional, prazos [&hellip;]<\/p>\n","protected":false},"author":1,"featured_media":0,"parent":0,"menu_order":0,"comment_status":"closed","ping_status":"closed","template":"","meta":{"site-sidebar-layout":"no-sidebar","site-content-layout":"","ast-site-content-layout":"full-width-container","site-content-style":"default","site-sidebar-style":"default","ast-global-header-display":"","ast-banner-title-visibility":"","ast-main-header-display":"","ast-hfb-above-header-display":"","ast-hfb-below-header-display":"","ast-hfb-mobile-header-display":"","site-post-title":"disabled","ast-breadcrumbs-content":"","ast-featured-img":"disabled","footer-sml-layout":"","ast-disable-related-posts":"","theme-transparent-header-meta":"","adv-header-id-meta":"","stick-header-meta":"","header-above-stick-meta":"","header-main-stick-meta":"","header-below-stick-meta":"","astra-migrate-meta-layouts":"default","ast-page-background-enabled":"default","ast-page-background-meta":{"desktop":{"background-color":"var(--ast-global-color-5)","background-image":"","background-repeat":"repeat","background-position":"center center","background-size":"auto","background-attachment":"scroll","background-type":"","background-media":"","overlay-type":"","overlay-color":"","overlay-opacity":"","overlay-gradient":""},"tablet":{"background-color":"","background-image":"","background-repeat":"repeat","background-position":"center center","background-size":"auto","background-attachment":"scroll","background-type":"","background-media":"","overlay-type":"","overlay-color":"","overlay-opacity":"","overlay-gradient":""},"mobile":{"background-color":"","background-image":"","background-repeat":"repeat","background-position":"center center","background-size":"auto","background-attachment":"scroll","background-type":"","background-media":"","overlay-type":"","overlay-color":"","overlay-opacity":"","overlay-gradient":""}},"ast-content-background-meta":{"desktop":{"background-color":"var(--ast-global-color-4)","background-image":"","background-repeat":"repeat","background-position":"center center","background-size":"auto","background-attachment":"scroll","background-type":"","background-media":"","overlay-type":"","overlay-color":"","overlay-opacity":"","overlay-gradient":""},"tablet":{"background-color":"var(--ast-global-color-4)","background-image":"","background-repeat":"repeat","background-position":"center center","background-size":"auto","background-attachment":"scroll","background-type":"","background-media":"","overlay-type":"","overlay-color":"","overlay-opacity":"","overlay-gradient":""},"mobile":{"background-color":"var(--ast-global-color-4)","background-image":"","background-repeat":"repeat","background-position":"center center","background-size":"auto","background-attachment":"scroll","background-type":"","background-media":"","overlay-type":"","overlay-color":"","overlay-opacity":"","overlay-gradient":""}},"footnotes":""},"class_list":["post-89","page","type-page","status-publish","hentry"],"_links":{"self":[{"href":"https:\/\/santari.com.br\/index.php\/wp-json\/wp\/v2\/pages\/89","targetHints":{"allow":["GET"]}}],"collection":[{"href":"https:\/\/santari.com.br\/index.php\/wp-json\/wp\/v2\/pages"}],"about":[{"href":"https:\/\/santari.com.br\/index.php\/wp-json\/wp\/v2\/types\/page"}],"author":[{"embeddable":true,"href":"https:\/\/santari.com.br\/index.php\/wp-json\/wp\/v2\/users\/1"}],"replies":[{"embeddable":true,"href":"https:\/\/santari.com.br\/index.php\/wp-json\/wp\/v2\/comments?post=89"}],"version-history":[{"count":5,"href":"https:\/\/santari.com.br\/index.php\/wp-json\/wp\/v2\/pages\/89\/revisions"}],"predecessor-version":[{"id":94,"href":"https:\/\/santari.com.br\/index.php\/wp-json\/wp\/v2\/pages\/89\/revisions\/94"}],"wp:attachment":[{"href":"https:\/\/santari.com.br\/index.php\/wp-json\/wp\/v2\/media?parent=89"}],"curies":[{"name":"wp","href":"https:\/\/api.w.org\/{rel}","templated":true}]}}