{"id":83,"date":"2025-06-30T12:10:14","date_gmt":"2025-06-30T15:10:14","guid":{"rendered":"https:\/\/santari.com.br\/?page_id=83"},"modified":"2025-06-30T12:17:41","modified_gmt":"2025-06-30T15:17:41","slug":"online","status":"publish","type":"page","link":"https:\/\/santari.com.br\/index.php\/online\/","title":{"rendered":"On Line"},"content":{"rendered":"\t\t<div data-elementor-type=\"wp-page\" data-elementor-id=\"83\" class=\"elementor elementor-83\">\n\t\t\t\t<div class=\"elementor-element elementor-element-27e9e4c e-flex e-con-boxed e-con e-parent\" data-id=\"27e9e4c\" data-element_type=\"container\" data-e-type=\"container\">\n\t\t\t\t\t<div class=\"e-con-inner\">\n\t\t\t\t<div class=\"elementor-element elementor-element-a43ad1c elementor-widget elementor-widget-text-editor\" data-id=\"a43ad1c\" data-element_type=\"widget\" data-e-type=\"widget\" data-widget_type=\"text-editor.default\">\n\t\t\t\t<div class=\"elementor-widget-container\">\n\t\t\t\t\t\t\t\t\t<p data-start=\"266\" data-end=\"491\">Unimos estrat\u00e9gia, criatividade e tecnologia para levar sua marca ainda mais longe no digital. Oferecemos solu\u00e7\u00f5es completas e personalizadas para transformar sua presen\u00e7a online em resultados reais.<\/p><hr data-start=\"493\" data-end=\"496\" \/><h3 data-start=\"498\" data-end=\"540\">\ud83d\ude80 Tr\u00e1fego Pago (Instagram e Facebook)<\/h3><p data-start=\"542\" data-end=\"686\">Apare\u00e7a para quem realmente importa!<br data-start=\"578\" data-end=\"581\" \/>Criamos, gerenciamos e otimizamos campanhas patrocinadas no <strong data-start=\"641\" data-end=\"654\">Instagram<\/strong> e no <strong data-start=\"660\" data-end=\"672\">Facebook<\/strong>, com foco em:<\/p><ul data-start=\"688\" data-end=\"783\"><li data-start=\"688\" data-end=\"725\"><p data-start=\"690\" data-end=\"725\">Aumento de seguidores e engajamento<\/p><\/li><li data-start=\"726\" data-end=\"753\"><p data-start=\"728\" data-end=\"753\">Gera\u00e7\u00e3o de leads e vendas<\/p><\/li><li data-start=\"754\" data-end=\"783\"><p data-start=\"756\" data-end=\"783\">Fortalecimento da sua marca<\/p><\/li><\/ul><p data-start=\"785\" data-end=\"923\">Do planejamento at\u00e9 a an\u00e1lise dos resultados, voc\u00ea ter\u00e1 um acompanhamento estrat\u00e9gico, com relat\u00f3rios claros e decis\u00f5es baseadas em dados.<\/p><hr data-start=\"925\" data-end=\"928\" \/><h3 data-start=\"930\" data-end=\"950\">\ud83d\udd0d Gest\u00e3o Google<\/h3><p data-start=\"952\" data-end=\"991\">Coloque sua empresa no topo das buscas!<\/p><p data-start=\"993\" data-end=\"1058\">Oferecemos uma gest\u00e3o completa do ecossistema Google, que inclui:<\/p><ul data-start=\"1060\" data-end=\"1346\"><li data-start=\"1060\" data-end=\"1138\"><p data-start=\"1062\" data-end=\"1138\"><strong data-start=\"1062\" data-end=\"1077\">Google Ads:<\/strong> campanhas segmentadas para atrair clientes no momento certo.<\/p><\/li><li data-start=\"1139\" data-end=\"1228\"><p data-start=\"1141\" data-end=\"1228\"><strong data-start=\"1141\" data-end=\"1164\">Google Meu Neg\u00f3cio:<\/strong> presen\u00e7a otimizada para aparecer no mapa e em pesquisas locais.<\/p><\/li><li data-start=\"1229\" data-end=\"1346\"><p data-start=\"1231\" data-end=\"1346\"><strong data-start=\"1231\" data-end=\"1252\">Google Analytics:<\/strong> monitoramento inteligente para entender o comportamento dos visitantes e melhorar resultados.<\/p><\/li><\/ul><hr data-start=\"1348\" data-end=\"1351\" \/><h3 data-start=\"1353\" data-end=\"1390\">\ud83d\udcbb Cria\u00e7\u00e3o de Sites Profissionais<\/h3><p data-start=\"1392\" data-end=\"1427\">Seu site \u00e9 sua vitrine 24h por dia.<\/p><p data-start=\"1429\" data-end=\"1690\">Criamos sites modernos, r\u00e1pidos, responsivos e com foco em convers\u00e3o, desde p\u00e1ginas institucionais at\u00e9 landing pages de alta performance.<br data-start=\"1566\" data-end=\"1569\" \/>Usamos ferramentas atualizadas, com SEO b\u00e1sico incluso e integra\u00e7\u00e3o com WhatsApp, redes sociais e formul\u00e1rios de contato.<\/p><hr data-start=\"1692\" data-end=\"1695\" \/><h3 data-start=\"1697\" data-end=\"1740\">\ud83e\udd16 Solu\u00e7\u00f5es com Intelig\u00eancia Artificial<\/h3><p data-start=\"1742\" data-end=\"1789\">Sua marca pode ir al\u00e9m com recursos inovadores!<\/p><p data-start=\"1791\" data-end=\"1885\">Desenvolvemos ferramentas com IA para tornar sua comunica\u00e7\u00e3o mais criativa e impactante, como:<\/p><ul data-start=\"1887\" data-end=\"2109\"><li data-start=\"1887\" data-end=\"1925\"><p data-start=\"1889\" data-end=\"1925\"><strong data-start=\"1889\" data-end=\"1925\">Mascotes digitais personalizados<\/strong><\/p><\/li><li data-start=\"1926\" data-end=\"1990\"><p data-start=\"1928\" data-end=\"1990\"><strong data-start=\"1928\" data-end=\"1949\">Avatares falantes<\/strong> para v\u00eddeos, atendimento e redes sociais<\/p><\/li><li data-start=\"1991\" data-end=\"2047\"><p data-start=\"1993\" data-end=\"2047\"><strong data-start=\"1993\" data-end=\"2010\">Textos com IA<\/strong> otimizados para marketing e an\u00fancios<\/p><\/li><li data-start=\"2048\" data-end=\"2109\"><p data-start=\"2050\" data-end=\"2109\"><strong data-start=\"2050\" data-end=\"2078\">Integra\u00e7\u00f5es inteligentes<\/strong> para automa\u00e7\u00e3o e produtividade<\/p><\/li><\/ul>\t\t\t\t\t\t\t\t<\/div>\n\t\t\t\t<\/div>\n\t\t\t\t\t<\/div>\n\t\t\t\t<\/div>\n\t\t\t\t<\/div>\n\t\t","protected":false},"excerpt":{"rendered":"<p>Unimos estrat\u00e9gia, criatividade e tecnologia para levar sua marca ainda mais longe no digital. Oferecemos solu\u00e7\u00f5es completas e personalizadas para [&hellip;]<\/p>\n","protected":false},"author":1,"featured_media":0,"parent":0,"menu_order":0,"comment_status":"closed","ping_status":"closed","template":"","meta":{"site-sidebar-layout":"no-sidebar","site-content-layout":"","ast-site-content-layout":"full-width-container","site-content-style":"default","site-sidebar-style":"default","ast-global-header-display":"","ast-banner-title-visibility":"","ast-main-header-display":"","ast-hfb-above-header-display":"","ast-hfb-below-header-display":"","ast-hfb-mobile-header-display":"","site-post-title":"disabled","ast-breadcrumbs-content":"","ast-featured-img":"disabled","footer-sml-layout":"","ast-disable-related-posts":"","theme-transparent-header-meta":"","adv-header-id-meta":"","stick-header-meta":"","header-above-stick-meta":"","header-main-stick-meta":"","header-below-stick-meta":"","astra-migrate-meta-layouts":"default","ast-page-background-enabled":"default","ast-page-background-meta":{"desktop":{"background-color":"var(--ast-global-color-5)","background-image":"","background-repeat":"repeat","background-position":"center center","background-size":"auto","background-attachment":"scroll","background-type":"","background-media":"","overlay-type":"","overlay-color":"","overlay-opacity":"","overlay-gradient":""},"tablet":{"background-color":"","background-image":"","background-repeat":"repeat","background-position":"center center","background-size":"auto","background-attachment":"scroll","background-type":"","background-media":"","overlay-type":"","overlay-color":"","overlay-opacity":"","overlay-gradient":""},"mobile":{"background-color":"","background-image":"","background-repeat":"repeat","background-position":"center center","background-size":"auto","background-attachment":"scroll","background-type":"","background-media":"","overlay-type":"","overlay-color":"","overlay-opacity":"","overlay-gradient":""}},"ast-content-background-meta":{"desktop":{"background-color":"var(--ast-global-color-4)","background-image":"","background-repeat":"repeat","background-position":"center center","background-size":"auto","background-attachment":"scroll","background-type":"","background-media":"","overlay-type":"","overlay-color":"","overlay-opacity":"","overlay-gradient":""},"tablet":{"background-color":"var(--ast-global-color-4)","background-image":"","background-repeat":"repeat","background-position":"center center","background-size":"auto","background-attachment":"scroll","background-type":"","background-media":"","overlay-type":"","overlay-color":"","overlay-opacity":"","overlay-gradient":""},"mobile":{"background-color":"var(--ast-global-color-4)","background-image":"","background-repeat":"repeat","background-position":"center center","background-size":"auto","background-attachment":"scroll","background-type":"","background-media":"","overlay-type":"","overlay-color":"","overlay-opacity":"","overlay-gradient":""}},"footnotes":""},"class_list":["post-83","page","type-page","status-publish","hentry"],"_links":{"self":[{"href":"https:\/\/santari.com.br\/index.php\/wp-json\/wp\/v2\/pages\/83","targetHints":{"allow":["GET"]}}],"collection":[{"href":"https:\/\/santari.com.br\/index.php\/wp-json\/wp\/v2\/pages"}],"about":[{"href":"https:\/\/santari.com.br\/index.php\/wp-json\/wp\/v2\/types\/page"}],"author":[{"embeddable":true,"href":"https:\/\/santari.com.br\/index.php\/wp-json\/wp\/v2\/users\/1"}],"replies":[{"embeddable":true,"href":"https:\/\/santari.com.br\/index.php\/wp-json\/wp\/v2\/comments?post=83"}],"version-history":[{"count":8,"href":"https:\/\/santari.com.br\/index.php\/wp-json\/wp\/v2\/pages\/83\/revisions"}],"predecessor-version":[{"id":97,"href":"https:\/\/santari.com.br\/index.php\/wp-json\/wp\/v2\/pages\/83\/revisions\/97"}],"wp:attachment":[{"href":"https:\/\/santari.com.br\/index.php\/wp-json\/wp\/v2\/media?parent=83"}],"curies":[{"name":"wp","href":"https:\/\/api.w.org\/{rel}","templated":true}]}}