{"id":101,"date":"2025-06-30T12:46:35","date_gmt":"2025-06-30T15:46:35","guid":{"rendered":"https:\/\/santari.com.br\/?page_id=101"},"modified":"2025-06-30T12:48:26","modified_gmt":"2025-06-30T15:48:26","slug":"eventos","status":"publish","type":"page","link":"https:\/\/santari.com.br\/index.php\/eventos\/","title":{"rendered":"Eventos"},"content":{"rendered":"\t\t<div data-elementor-type=\"wp-page\" data-elementor-id=\"101\" class=\"elementor elementor-101\">\n\t\t\t\t<div class=\"elementor-element elementor-element-441ad12 e-flex e-con-boxed e-con e-parent\" data-id=\"441ad12\" data-element_type=\"container\" data-e-type=\"container\">\n\t\t\t\t\t<div class=\"e-con-inner\">\n\t\t\t\t<div class=\"elementor-element elementor-element-97b0ee5 elementor-widget elementor-widget-text-editor\" data-id=\"97b0ee5\" data-element_type=\"widget\" data-e-type=\"widget\" data-widget_type=\"text-editor.default\">\n\t\t\t\t<div class=\"elementor-widget-container\">\n\t\t\t\t\t\t\t\t\t<p data-start=\"265\" data-end=\"313\">Tudo o que o seu evento precisa, em um s\u00f3 lugar.<\/p><p data-start=\"315\" data-end=\"551\">Transformamos ideias em experi\u00eancias completas. Atendemos eventos corporativos, feiras, congressos, exposi\u00e7\u00f5es e lan\u00e7amentos com solu\u00e7\u00f5es visuais e promocionais que valorizam sua marca e impressionam o p\u00fablico.<\/p><hr data-start=\"553\" data-end=\"556\" \/><h3 data-start=\"558\" data-end=\"597\">\ud83e\udde9 Personaliza\u00e7\u00e3o Total de Estandes<\/h3><p data-start=\"599\" data-end=\"659\">Cuidamos de cada detalhe para destacar seu espa\u00e7o no evento:<\/p><ul data-start=\"661\" data-end=\"853\"><li data-start=\"661\" data-end=\"700\"><p data-start=\"663\" data-end=\"700\"><strong data-start=\"663\" data-end=\"700\">Adesivos para paredes dos estandes<\/strong><\/p><\/li><li data-start=\"701\" data-end=\"725\"><p data-start=\"703\" data-end=\"725\"><strong data-start=\"703\" data-end=\"725\">Adesivos de balc\u00e3o<\/strong><\/p><\/li><li data-start=\"726\" data-end=\"758\"><p data-start=\"728\" data-end=\"758\"><strong data-start=\"728\" data-end=\"758\">Testeiras de identifica\u00e7\u00e3o<\/strong><\/p><\/li><li data-start=\"759\" data-end=\"814\"><p data-start=\"761\" data-end=\"814\"><strong data-start=\"761\" data-end=\"814\">Lonas personalizadas para estruturas em box truss<\/strong><\/p><\/li><li data-start=\"815\" data-end=\"853\"><p data-start=\"817\" data-end=\"853\"><strong data-start=\"817\" data-end=\"853\">Banners, windbanners e backdrops<\/strong><\/p><\/li><\/ul><p data-start=\"855\" data-end=\"932\">Tudo com design estrat\u00e9gico, impress\u00e3o de alta qualidade e instala\u00e7\u00e3o r\u00e1pida.<\/p><hr data-start=\"934\" data-end=\"937\" \/><h3 data-start=\"939\" data-end=\"978\">\ud83d\udda8\ufe0f Materiais Gr\u00e1ficos para Eventos<\/h3><p data-start=\"980\" data-end=\"1052\">Do convite \u00e0 apresenta\u00e7\u00e3o final, criamos tudo com agilidade e qualidade:<\/p><ul data-start=\"1054\" data-end=\"1191\"><li data-start=\"1054\" data-end=\"1090\"><p data-start=\"1056\" data-end=\"1090\"><strong data-start=\"1056\" data-end=\"1090\">Folders, panfletos e cat\u00e1logos<\/strong><\/p><\/li><li data-start=\"1091\" data-end=\"1124\"><p data-start=\"1093\" data-end=\"1124\"><strong data-start=\"1093\" data-end=\"1124\">Cart\u00f5es de visita e brindes<\/strong><\/p><\/li><li data-start=\"1125\" data-end=\"1153\"><p data-start=\"1127\" data-end=\"1153\"><strong data-start=\"1127\" data-end=\"1153\">Crach\u00e1s personalizados<\/strong><\/p><\/li><li data-start=\"1154\" data-end=\"1191\"><p data-start=\"1156\" data-end=\"1191\"><strong data-start=\"1156\" data-end=\"1191\">Etiquetas, sinaliza\u00e7\u00e3o e placas<\/strong><\/p><\/li><\/ul><p data-start=\"1193\" data-end=\"1247\">Com a identidade visual da sua marca em cada material.<\/p><hr data-start=\"1249\" data-end=\"1252\" \/><h3 data-start=\"1254\" data-end=\"1290\">\ud83c\udfa5 Conte\u00fado Visual e Audiovisual<\/h3><p data-start=\"1292\" data-end=\"1350\">Valorize a comunica\u00e7\u00e3o da sua marca no estande e\/ou no tel\u00e3o:<\/p><ul data-start=\"1352\" data-end=\"1506\"><li data-start=\"1352\" data-end=\"1379\"><p data-start=\"1354\" data-end=\"1379\"><strong data-start=\"1354\" data-end=\"1379\">V\u00eddeos institucionais<\/strong><\/p><\/li><li data-start=\"1380\" data-end=\"1428\"><p data-start=\"1382\" data-end=\"1428\"><strong data-start=\"1382\" data-end=\"1428\">V\u00eddeos din\u00e2micos e r\u00e1pidos para TV interna<\/strong><\/p><\/li><li data-start=\"1429\" data-end=\"1457\"><p data-start=\"1431\" data-end=\"1457\"><strong data-start=\"1431\" data-end=\"1457\">Apresenta\u00e7\u00f5es animadas<\/strong><\/p><\/li><li data-start=\"1458\" data-end=\"1506\"><p data-start=\"1460\" data-end=\"1506\"><strong data-start=\"1460\" data-end=\"1506\">V\u00eddeos para redes sociais durante o evento<\/strong><\/p><\/li><\/ul><p data-start=\"1508\" data-end=\"1608\">Conte com nossa equipe criativa para planejar, editar e entregar no formato ideal para o seu espa\u00e7o.<\/p><hr data-start=\"1610\" data-end=\"1613\" \/><h3 data-start=\"1615\" data-end=\"1646\">\ud83d\udc55 Uniformes Personalizados<\/h3><p data-start=\"1648\" data-end=\"1682\">Equipe padronizada e profissional:<\/p><ul data-start=\"1684\" data-end=\"1837\"><li data-start=\"1684\" data-end=\"1762\"><p data-start=\"1686\" data-end=\"1762\">Camisetas personalizadas com a identidade visual do evento<\/p><\/li><li data-start=\"1763\" data-end=\"1837\"><p data-start=\"1765\" data-end=\"1837\">Conforto, eleg\u00e2ncia e durabilidade para quem representa sua marca no dia<\/p><\/li><\/ul>\t\t\t\t\t\t\t\t<\/div>\n\t\t\t\t<\/div>\n\t\t\t\t\t<\/div>\n\t\t\t\t<\/div>\n\t\t\t\t<\/div>\n\t\t","protected":false},"excerpt":{"rendered":"<p>Tudo o que o seu evento precisa, em um s\u00f3 lugar. Transformamos ideias em experi\u00eancias completas. Atendemos eventos corporativos, feiras, [&hellip;]<\/p>\n","protected":false},"author":1,"featured_media":0,"parent":0,"menu_order":0,"comment_status":"closed","ping_status":"closed","template":"","meta":{"site-sidebar-layout":"no-sidebar","site-content-layout":"","ast-site-content-layout":"full-width-container","site-content-style":"default","site-sidebar-style":"default","ast-global-header-display":"","ast-banner-title-visibility":"","ast-main-header-display":"","ast-hfb-above-header-display":"","ast-hfb-below-header-display":"","ast-hfb-mobile-header-display":"","site-post-title":"disabled","ast-breadcrumbs-content":"","ast-featured-img":"disabled","footer-sml-layout":"","ast-disable-related-posts":"","theme-transparent-header-meta":"","adv-header-id-meta":"","stick-header-meta":"","header-above-stick-meta":"","header-main-stick-meta":"","header-below-stick-meta":"","astra-migrate-meta-layouts":"default","ast-page-background-enabled":"default","ast-page-background-meta":{"desktop":{"background-color":"var(--ast-global-color-5)","background-image":"","background-repeat":"repeat","background-position":"center center","background-size":"auto","background-attachment":"scroll","background-type":"","background-media":"","overlay-type":"","overlay-color":"","overlay-opacity":"","overlay-gradient":""},"tablet":{"background-color":"","background-image":"","background-repeat":"repeat","background-position":"center center","background-size":"auto","background-attachment":"scroll","background-type":"","background-media":"","overlay-type":"","overlay-color":"","overlay-opacity":"","overlay-gradient":""},"mobile":{"background-color":"","background-image":"","background-repeat":"repeat","background-position":"center center","background-size":"auto","background-attachment":"scroll","background-type":"","background-media":"","overlay-type":"","overlay-color":"","overlay-opacity":"","overlay-gradient":""}},"ast-content-background-meta":{"desktop":{"background-color":"var(--ast-global-color-4)","background-image":"","background-repeat":"repeat","background-position":"center center","background-size":"auto","background-attachment":"scroll","background-type":"","background-media":"","overlay-type":"","overlay-color":"","overlay-opacity":"","overlay-gradient":""},"tablet":{"background-color":"var(--ast-global-color-4)","background-image":"","background-repeat":"repeat","background-position":"center center","background-size":"auto","background-attachment":"scroll","background-type":"","background-media":"","overlay-type":"","overlay-color":"","overlay-opacity":"","overlay-gradient":""},"mobile":{"background-color":"var(--ast-global-color-4)","background-image":"","background-repeat":"repeat","background-position":"center center","background-size":"auto","background-attachment":"scroll","background-type":"","background-media":"","overlay-type":"","overlay-color":"","overlay-opacity":"","overlay-gradient":""}},"footnotes":""},"class_list":["post-101","page","type-page","status-publish","hentry"],"_links":{"self":[{"href":"https:\/\/santari.com.br\/index.php\/wp-json\/wp\/v2\/pages\/101","targetHints":{"allow":["GET"]}}],"collection":[{"href":"https:\/\/santari.com.br\/index.php\/wp-json\/wp\/v2\/pages"}],"about":[{"href":"https:\/\/santari.com.br\/index.php\/wp-json\/wp\/v2\/types\/page"}],"author":[{"embeddable":true,"href":"https:\/\/santari.com.br\/index.php\/wp-json\/wp\/v2\/users\/1"}],"replies":[{"embeddable":true,"href":"https:\/\/santari.com.br\/index.php\/wp-json\/wp\/v2\/comments?post=101"}],"version-history":[{"count":5,"href":"https:\/\/santari.com.br\/index.php\/wp-json\/wp\/v2\/pages\/101\/revisions"}],"predecessor-version":[{"id":106,"href":"https:\/\/santari.com.br\/index.php\/wp-json\/wp\/v2\/pages\/101\/revisions\/106"}],"wp:attachment":[{"href":"https:\/\/santari.com.br\/index.php\/wp-json\/wp\/v2\/media?parent=101"}],"curies":[{"name":"wp","href":"https:\/\/api.w.org\/{rel}","templated":true}]}}